{"id":980,"date":"2026-02-18T16:10:08","date_gmt":"2026-02-18T16:10:08","guid":{"rendered":"https:\/\/macle.iberomedia.net\/?post_type=product&#038;p=980"},"modified":"2026-02-18T16:10:08","modified_gmt":"2026-02-18T16:10:08","slug":"serie-luna-de-flores-mayo","status":"publish","type":"product","link":"https:\/\/macle.iberomedia.net\/?product=serie-luna-de-flores-mayo","title":{"rendered":"SERIE LUNA DE FLORES &#8211; MAYO"},"content":{"rendered":"<p data-start=\"455\" data-end=\"644\">La Luna de Mayo representa plenitud y florecimiento. Esta pieza forma parte de la colecci\u00f3n <em data-start=\"547\" data-end=\"569\">Serie Luna de Flores<\/em>, una l\u00ednea inspirada en los ciclos naturales y en la energ\u00eda de cada luna.<\/p>\n<p data-start=\"646\" data-end=\"818\">Cada amuleto est\u00e1 elaborado artesanalmente en porcelana reciclada y decorado con pigmentos florales y detalles en oro l\u00edquido, combinando simbolismo y dise\u00f1o contempor\u00e1neo.<\/p>\n<p data-start=\"646\" data-end=\"818\"><strong>DETALLES<\/strong><\/p>\n<ul>\n<li data-start=\"839\" data-end=\"869\">\n<p data-start=\"841\" data-end=\"869\">Elaborado a mano en Madrid<\/p>\n<\/li>\n<li data-start=\"870\" data-end=\"893\">\n<p data-start=\"872\" data-end=\"893\">Porcelana reciclada<\/p>\n<\/li>\n<li data-start=\"894\" data-end=\"931\">\n<p data-start=\"896\" data-end=\"931\">Decoraci\u00f3n con pigmentos florales<\/p>\n<\/li>\n<li data-start=\"932\" data-end=\"963\">\n<p data-start=\"934\" data-end=\"963\">Detalles en oro l\u00edquido 12%<\/p>\n<\/li>\n<li data-start=\"964\" data-end=\"999\">\n<p data-start=\"966\" data-end=\"999\">Tama\u00f1o aproximado: 3,2 x 1,6 cm<\/p>\n<\/li>\n<li data-start=\"1000\" data-end=\"1015\">\n<p data-start=\"1002\" data-end=\"1015\">Peso: 2,4 g<\/p>\n<\/li>\n<li data-start=\"1016\" data-end=\"1076\">\n<p data-start=\"1018\" data-end=\"1076\">Incluye certificado de autenticidad y gu\u00eda de activaci\u00f3n<\/p>\n<\/li>\n<\/ul>\n","protected":false},"excerpt":{"rendered":"<p data-start=\"533\" data-end=\"747\">Amuleto artesanal en porcelana inspirado en la Luna de Mayo, s\u00edmbolo de renovaci\u00f3n y crecimiento.<br data-start=\"239\" data-end=\"242\" \/>Hecho a mano en Madrid con pigmentos florales y detalles en oro l\u00edquido.<br data-start=\"316\" data-end=\"319\" \/>Edici\u00f3n limitada.<\/p>\n","protected":false},"featured_media":981,"comment_status":"open","ping_status":"closed","template":"","meta":[],"product_brand":[],"product_cat":[17],"product_tag":[],"class_list":{"0":"post-980","1":"product","2":"type-product","3":"status-publish","4":"has-post-thumbnail","6":"product_cat-sin-categorizar","8":"first","9":"instock","10":"taxable","11":"shipping-taxable","12":"purchasable","13":"product-type-simple"},"yoast_head":"<!-- This site is optimized with the Yoast SEO plugin v27.2 - https:\/\/yoast.com\/product\/yoast-seo-wordpress\/ -->\n<title>SERIE LUNA DE FLORES - MAYO - Macle Lunar<\/title>\n<meta name=\"robots\" content=\"index, follow, max-snippet:-1, max-image-preview:large, max-video-preview:-1\" \/>\n<link rel=\"canonical\" href=\"https:\/\/macle.iberomedia.net\/?product=serie-luna-de-flores-mayo\" \/>\n<meta property=\"og:locale\" content=\"es_ES\" \/>\n<meta property=\"og:type\" content=\"article\" \/>\n<meta property=\"og:title\" content=\"SERIE LUNA DE FLORES - MAYO - Macle Lunar\" \/>\n<meta property=\"og:description\" content=\"Amuleto artesanal en porcelana inspirado en la Luna de Mayo, s\u00edmbolo de renovaci\u00f3n y crecimiento.Hecho a mano en Madrid con pigmentos florales y detalles en oro l\u00edquido.Edici\u00f3n limitada.\" \/>\n<meta property=\"og:url\" content=\"https:\/\/macle.iberomedia.net\/?product=serie-luna-de-flores-mayo\" \/>\n<meta property=\"og:site_name\" content=\"Macle Lunar\" \/>\n<meta property=\"article:publisher\" content=\"https:\/\/www.facebook.com\/profile.php?id=61578210094540\" \/>\n<meta property=\"og:image\" content=\"https:\/\/macle.iberomedia.net\/wp-content\/uploads\/2026\/02\/762sintitulo-DSC09778.webp\" \/>\n\t<meta property=\"og:image:width\" content=\"823\" \/>\n\t<meta property=\"og:image:height\" content=\"823\" \/>\n\t<meta property=\"og:image:type\" content=\"image\/webp\" \/>\n<meta name=\"twitter:card\" content=\"summary_large_image\" \/>\n<meta name=\"twitter:site\" content=\"@maclelunar\" \/>\n<script type=\"application\/ld+json\" class=\"yoast-schema-graph\">{\"@context\":\"https:\/\/schema.org\",\"@graph\":[{\"@type\":\"WebPage\",\"@id\":\"https:\/\/macle.iberomedia.net\/?product=serie-luna-de-flores-mayo\",\"url\":\"https:\/\/macle.iberomedia.net\/?product=serie-luna-de-flores-mayo\",\"name\":\"SERIE LUNA DE FLORES - MAYO - Macle Lunar\",\"isPartOf\":{\"@id\":\"https:\/\/macle.iberomedia.net\/#website\"},\"primaryImageOfPage\":{\"@id\":\"https:\/\/macle.iberomedia.net\/?product=serie-luna-de-flores-mayo#primaryimage\"},\"image\":{\"@id\":\"https:\/\/macle.iberomedia.net\/?product=serie-luna-de-flores-mayo#primaryimage\"},\"thumbnailUrl\":\"https:\/\/macle.iberomedia.net\/wp-content\/uploads\/2026\/02\/762sintitulo-DSC09778.webp\",\"datePublished\":\"2026-02-18T16:10:08+00:00\",\"breadcrumb\":{\"@id\":\"https:\/\/macle.iberomedia.net\/?product=serie-luna-de-flores-mayo#breadcrumb\"},\"inLanguage\":\"es\",\"potentialAction\":[{\"@type\":\"ReadAction\",\"target\":[\"https:\/\/macle.iberomedia.net\/?product=serie-luna-de-flores-mayo\"]}]},{\"@type\":\"ImageObject\",\"inLanguage\":\"es\",\"@id\":\"https:\/\/macle.iberomedia.net\/?product=serie-luna-de-flores-mayo#primaryimage\",\"url\":\"https:\/\/macle.iberomedia.net\/wp-content\/uploads\/2026\/02\/762sintitulo-DSC09778.webp\",\"contentUrl\":\"https:\/\/macle.iberomedia.net\/wp-content\/uploads\/2026\/02\/762sintitulo-DSC09778.webp\",\"width\":823,\"height\":823},{\"@type\":\"BreadcrumbList\",\"@id\":\"https:\/\/macle.iberomedia.net\/?product=serie-luna-de-flores-mayo#breadcrumb\",\"itemListElement\":[{\"@type\":\"ListItem\",\"position\":1,\"name\":\"Portada\",\"item\":\"https:\/\/macle.iberomedia.net\/\"},{\"@type\":\"ListItem\",\"position\":2,\"name\":\"Tienda\",\"item\":\"https:\/\/macle.iberomedia.net\/?page_id=31\"},{\"@type\":\"ListItem\",\"position\":3,\"name\":\"SERIE LUNA DE FLORES &#8211; MAYO\"}]},{\"@type\":\"WebSite\",\"@id\":\"https:\/\/macle.iberomedia.net\/#website\",\"url\":\"https:\/\/macle.iberomedia.net\/\",\"name\":\"Macle Lunar\",\"description\":\"\",\"publisher\":{\"@id\":\"https:\/\/macle.iberomedia.net\/#organization\"},\"potentialAction\":[{\"@type\":\"SearchAction\",\"target\":{\"@type\":\"EntryPoint\",\"urlTemplate\":\"https:\/\/macle.iberomedia.net\/?s={search_term_string}\"},\"query-input\":{\"@type\":\"PropertyValueSpecification\",\"valueRequired\":true,\"valueName\":\"search_term_string\"}}],\"inLanguage\":\"es\"},{\"@type\":\"Organization\",\"@id\":\"https:\/\/macle.iberomedia.net\/#organization\",\"name\":\"Macle Lunar\",\"url\":\"https:\/\/macle.iberomedia.net\/\",\"logo\":{\"@type\":\"ImageObject\",\"inLanguage\":\"es\",\"@id\":\"https:\/\/macle.iberomedia.net\/#\/schema\/logo\/image\/\",\"url\":\"https:\/\/macle.iberomedia.net\/wp-content\/uploads\/2025\/10\/Logo-MacLe-1.jpg\",\"contentUrl\":\"https:\/\/macle.iberomedia.net\/wp-content\/uploads\/2025\/10\/Logo-MacLe-1.jpg\",\"width\":1004,\"height\":650,\"caption\":\"Macle Lunar\"},\"image\":{\"@id\":\"https:\/\/macle.iberomedia.net\/#\/schema\/logo\/image\/\"},\"sameAs\":[\"https:\/\/www.facebook.com\/profile.php?id=61578210094540\",\"https:\/\/x.com\/maclelunar\",\"https:\/\/www.tiktok.com\/@macle.lunar\",\"https:\/\/www.instagram.com\/maclelunar\"]}]}<\/script>\n<!-- \/ Yoast SEO plugin. -->","yoast_head_json":{"title":"SERIE LUNA DE FLORES - MAYO - Macle Lunar","robots":{"index":"index","follow":"follow","max-snippet":"max-snippet:-1","max-image-preview":"max-image-preview:large","max-video-preview":"max-video-preview:-1"},"canonical":"https:\/\/macle.iberomedia.net\/?product=serie-luna-de-flores-mayo","og_locale":"es_ES","og_type":"article","og_title":"SERIE LUNA DE FLORES - MAYO - Macle Lunar","og_description":"Amuleto artesanal en porcelana inspirado en la Luna de Mayo, s\u00edmbolo de renovaci\u00f3n y crecimiento.Hecho a mano en Madrid con pigmentos florales y detalles en oro l\u00edquido.Edici\u00f3n limitada.","og_url":"https:\/\/macle.iberomedia.net\/?product=serie-luna-de-flores-mayo","og_site_name":"Macle Lunar","article_publisher":"https:\/\/www.facebook.com\/profile.php?id=61578210094540","og_image":[{"width":823,"height":823,"url":"https:\/\/macle.iberomedia.net\/wp-content\/uploads\/2026\/02\/762sintitulo-DSC09778.webp","type":"image\/webp"}],"twitter_card":"summary_large_image","twitter_site":"@maclelunar","schema":{"@context":"https:\/\/schema.org","@graph":[{"@type":"WebPage","@id":"https:\/\/macle.iberomedia.net\/?product=serie-luna-de-flores-mayo","url":"https:\/\/macle.iberomedia.net\/?product=serie-luna-de-flores-mayo","name":"SERIE LUNA DE FLORES - MAYO - Macle Lunar","isPartOf":{"@id":"https:\/\/macle.iberomedia.net\/#website"},"primaryImageOfPage":{"@id":"https:\/\/macle.iberomedia.net\/?product=serie-luna-de-flores-mayo#primaryimage"},"image":{"@id":"https:\/\/macle.iberomedia.net\/?product=serie-luna-de-flores-mayo#primaryimage"},"thumbnailUrl":"https:\/\/macle.iberomedia.net\/wp-content\/uploads\/2026\/02\/762sintitulo-DSC09778.webp","datePublished":"2026-02-18T16:10:08+00:00","breadcrumb":{"@id":"https:\/\/macle.iberomedia.net\/?product=serie-luna-de-flores-mayo#breadcrumb"},"inLanguage":"es","potentialAction":[{"@type":"ReadAction","target":["https:\/\/macle.iberomedia.net\/?product=serie-luna-de-flores-mayo"]}]},{"@type":"ImageObject","inLanguage":"es","@id":"https:\/\/macle.iberomedia.net\/?product=serie-luna-de-flores-mayo#primaryimage","url":"https:\/\/macle.iberomedia.net\/wp-content\/uploads\/2026\/02\/762sintitulo-DSC09778.webp","contentUrl":"https:\/\/macle.iberomedia.net\/wp-content\/uploads\/2026\/02\/762sintitulo-DSC09778.webp","width":823,"height":823},{"@type":"BreadcrumbList","@id":"https:\/\/macle.iberomedia.net\/?product=serie-luna-de-flores-mayo#breadcrumb","itemListElement":[{"@type":"ListItem","position":1,"name":"Portada","item":"https:\/\/macle.iberomedia.net\/"},{"@type":"ListItem","position":2,"name":"Tienda","item":"https:\/\/macle.iberomedia.net\/?page_id=31"},{"@type":"ListItem","position":3,"name":"SERIE LUNA DE FLORES &#8211; MAYO"}]},{"@type":"WebSite","@id":"https:\/\/macle.iberomedia.net\/#website","url":"https:\/\/macle.iberomedia.net\/","name":"Macle Lunar","description":"","publisher":{"@id":"https:\/\/macle.iberomedia.net\/#organization"},"potentialAction":[{"@type":"SearchAction","target":{"@type":"EntryPoint","urlTemplate":"https:\/\/macle.iberomedia.net\/?s={search_term_string}"},"query-input":{"@type":"PropertyValueSpecification","valueRequired":true,"valueName":"search_term_string"}}],"inLanguage":"es"},{"@type":"Organization","@id":"https:\/\/macle.iberomedia.net\/#organization","name":"Macle Lunar","url":"https:\/\/macle.iberomedia.net\/","logo":{"@type":"ImageObject","inLanguage":"es","@id":"https:\/\/macle.iberomedia.net\/#\/schema\/logo\/image\/","url":"https:\/\/macle.iberomedia.net\/wp-content\/uploads\/2025\/10\/Logo-MacLe-1.jpg","contentUrl":"https:\/\/macle.iberomedia.net\/wp-content\/uploads\/2025\/10\/Logo-MacLe-1.jpg","width":1004,"height":650,"caption":"Macle Lunar"},"image":{"@id":"https:\/\/macle.iberomedia.net\/#\/schema\/logo\/image\/"},"sameAs":["https:\/\/www.facebook.com\/profile.php?id=61578210094540","https:\/\/x.com\/maclelunar","https:\/\/www.tiktok.com\/@macle.lunar","https:\/\/www.instagram.com\/maclelunar"]}]}},"_links":{"self":[{"href":"https:\/\/macle.iberomedia.net\/index.php?rest_route=\/wp\/v2\/product\/980","targetHints":{"allow":["GET"]}}],"collection":[{"href":"https:\/\/macle.iberomedia.net\/index.php?rest_route=\/wp\/v2\/product"}],"about":[{"href":"https:\/\/macle.iberomedia.net\/index.php?rest_route=\/wp\/v2\/types\/product"}],"replies":[{"embeddable":true,"href":"https:\/\/macle.iberomedia.net\/index.php?rest_route=%2Fwp%2Fv2%2Fcomments&post=980"}],"wp:featuredmedia":[{"embeddable":true,"href":"https:\/\/macle.iberomedia.net\/index.php?rest_route=\/wp\/v2\/media\/981"}],"wp:attachment":[{"href":"https:\/\/macle.iberomedia.net\/index.php?rest_route=%2Fwp%2Fv2%2Fmedia&parent=980"}],"wp:term":[{"taxonomy":"product_brand","embeddable":true,"href":"https:\/\/macle.iberomedia.net\/index.php?rest_route=%2Fwp%2Fv2%2Fproduct_brand&post=980"},{"taxonomy":"product_cat","embeddable":true,"href":"https:\/\/macle.iberomedia.net\/index.php?rest_route=%2Fwp%2Fv2%2Fproduct_cat&post=980"},{"taxonomy":"product_tag","embeddable":true,"href":"https:\/\/macle.iberomedia.net\/index.php?rest_route=%2Fwp%2Fv2%2Fproduct_tag&post=980"}],"curies":[{"name":"wp","href":"https:\/\/api.w.org\/{rel}","templated":true}]}}